{"id":978,"date":"2024-03-14T11:44:58","date_gmt":"2024-03-14T10:44:58","guid":{"rendered":"https:\/\/placedesfleurs.net\/qui-sommes-nous\/"},"modified":"2024-10-15T12:38:08","modified_gmt":"2024-10-15T10:38:08","slug":"qui-sommes-nous","status":"publish","type":"page","link":"http:\/\/placedesfleurs.net\/pt-br\/qui-sommes-nous\/","title":{"rendered":"QUEM SOMOS N\u00d3S"},"content":{"rendered":"<div class=\"wpb-content-wrapper\"><p>[vc_row css_animation=&#8221;&#8221; row_type=&#8221;row&#8221; use_row_as_full_screen_section=&#8221;no&#8221; type=&#8221;grid&#8221; angled_section=&#8221;no&#8221; text_align=&#8221;left&#8221; background_image_as_pattern=&#8221;without_pattern&#8221; css=&#8221;.vc_custom_1727214719890{background-color: #FFFFFF !important;}&#8221; z_index=&#8221;&#8221;][vc_column][vc_empty_space][vc_row_inner row_type=&#8221;row&#8221; type=&#8221;full_width&#8221; text_align=&#8221;left&#8221; css_animation=&#8221;&#8221;][vc_column_inner width=&#8221;1\/2&#8243;][vc_empty_space height=&#8221;15px&#8221;][vc_single_image image=&#8221;551&#8243; img_size=&#8221;medium&#8221; alignment=&#8221;center&#8221; css=&#8221;&#8221; qode_css_animation=&#8221;&#8221;][vc_column_text css=&#8221;&#8221;]<\/p>\n<p style=\"text-align: center;\">CRIA\u00c7\u00c3O E DESENVOLVIMENTO<\/p>\n<p style=\"text-align: center;\">ESPA\u00c7OS VERDES OU PAISAG\u00cdSTICOS<\/p>\n<p>[\/vc_column_text][vc_empty_space height=&#8221;20px&#8221;][\/vc_column_inner][vc_column_inner width=&#8221;1\/2&#8243; css=&#8221;.vc_custom_1727215349147{padding-right: 5% !important;}&#8221;][vc_empty_space height=&#8221;55px&#8221;][vc_column_text css=&#8221;&#8221;]<\/p>\n<p>Ap\u00f3s a forma\u00e7\u00e3o como agr\u00f4noma, Michele Michelizzi (nascida em San R\u00e9mo, It\u00e1lia), amante da natureza, tornou-se paisagista. Em 2011, criou a Place des fleurs e trabalhou na Europa (Fran\u00e7a, It\u00e1lia, B\u00e9lgica) e no Brasil.<\/p>\n<p>[\/vc_column_text][vc_empty_space height=&#8221;15px&#8221;][vc_column_text css=&#8221;&#8221;]<\/p>\n<p>Ele cria jardins, terra\u00e7os, p\u00e1tios, p\u00e1tios e muito mais de A a Z com sua equipe.<br \/>\nLocais de vida, resid\u00eancia ou trabalho. Ele apoia seus clientes desde o projeto at\u00e9 a conclus\u00e3o.<\/p>\n<p>[\/vc_column_text][vc_empty_space height=&#8221;15px&#8221;][vc_column_text css=&#8221;&#8221;]<\/p>\n<p>Desenha espa\u00e7os verdes que s\u00e3o uma liga\u00e7\u00e3o entre o exterior e o interior, o interior e o exterior, todos singulares e \u00fanicos. Ele cria o jardim que combina com voc\u00ea.<\/p>\n<p>[\/vc_column_text][vc_empty_space height=&#8221;15px&#8221;][\/vc_column_inner][\/vc_row_inner][\/vc_column][\/vc_row][vc_row css_animation=&#8221;&#8221; row_type=&#8221;row&#8221; use_row_as_full_screen_section=&#8221;no&#8221; type=&#8221;full_width&#8221; angled_section=&#8221;no&#8221; text_align=&#8221;left&#8221; background_image_as_pattern=&#8221;without_pattern&#8221;][vc_column][vc_row_inner row_type=&#8221;row&#8221; type=&#8221;full_width&#8221; text_align=&#8221;left&#8221; css_animation=&#8221;&#8221;][vc_column_inner][vc_empty_space height=&#8221;24px&#8221;][\/vc_column_inner][\/vc_row_inner][\/vc_column][\/vc_row]<\/p>\n<\/div>","protected":false},"excerpt":{"rendered":"<p>[vc_row css_animation=&#8221;&#8221; row_type=&#8221;row&#8221; use_row_as_full_screen_section=&#8221;no&#8221; type=&#8221;grid&#8221; angled_section=&#8221;no&#8221; text_align=&#8221;left&#8221; background_image_as_pattern=&#8221;without_pattern&#8221; css=&#8221;.vc_custom_1727214719890{background-color: #FFFFFF !important;}&#8221; z_index=&#8221;&#8221;][vc_column][vc_empty_space][vc_row_inner row_type=&#8221;row&#8221; type=&#8221;full_width&#8221; text_align=&#8221;left&#8221; css_animation=&#8221;&#8221;][vc_column_inner width=&#8221;1\/2&#8243;][vc_empty_space height=&#8221;15px&#8221;][vc_single_image image=&#8221;551&#8243; img_size=&#8221;medium&#8221; alignment=&#8221;center&#8221; css=&#8221;&#8221; qode_css_animation=&#8221;&#8221;][vc_column_text css=&#8221;&#8221;] CRIA\u00c7\u00c3O E DESENVOLVIMENTO ESPA\u00c7OS VERDES OU PAISAG\u00cdSTICOS [\/vc_column_text][vc_empty_space height=&#8221;20px&#8221;][\/vc_column_inner][vc_column_inner width=&#8221;1\/2&#8243; css=&#8221;.vc_custom_1727215349147{padding-right: 5% !important;}&#8221;][vc_empty_space height=&#8221;55px&#8221;][vc_column_text css=&#8221;&#8221;] Ap\u00f3s a forma\u00e7\u00e3o como agr\u00f4noma, Michele&#8230;<\/p>\n","protected":false},"author":1,"featured_media":0,"parent":0,"menu_order":15,"comment_status":"closed","ping_status":"closed","template":"","meta":{"footnotes":""},"class_list":["post-978","page","type-page","status-publish","hentry"],"yoast_head":"<!-- This site is optimized with the Yoast SEO plugin v27.2 - https:\/\/yoast.com\/product\/yoast-seo-wordpress\/ -->\n<title>QUEM SOMOS N\u00d3S - Place des Fleurs<\/title>\n<meta name=\"robots\" content=\"index, follow, max-snippet:-1, max-image-preview:large, max-video-preview:-1\" \/>\n<link rel=\"canonical\" href=\"http:\/\/placedesfleurs.net\/pt-br\/qui-sommes-nous\/\" \/>\n<meta property=\"og:locale\" content=\"pt_BR\" \/>\n<meta property=\"og:type\" content=\"article\" \/>\n<meta property=\"og:title\" content=\"QUEM SOMOS N\u00d3S - Place des Fleurs\" \/>\n<meta property=\"og:description\" content=\"[vc_row css_animation=&#8221;&#8221; row_type=&#8221;row&#8221; use_row_as_full_screen_section=&#8221;no&#8221; type=&#8221;grid&#8221; angled_section=&#8221;no&#8221; text_align=&#8221;left&#8221; background_image_as_pattern=&#8221;without_pattern&#8221; css=&#8221;.vc_custom_1727214719890{background-color: #FFFFFF !important;}&#8221; z_index=&#8221;&#8221;][vc_column][vc_empty_space][vc_row_inner row_type=&#8221;row&#8221; type=&#8221;full_width&#8221; text_align=&#8221;left&#8221; css_animation=&#8221;&#8221;][vc_column_inner width=&#8221;1\/2&#8243;][vc_empty_space height=&#8221;15px&#8221;][vc_single_image image=&#8221;551&#8243; img_size=&#8221;medium&#8221; alignment=&#8221;center&#8221; css=&#8221;&#8221; qode_css_animation=&#8221;&#8221;][vc_column_text css=&#8221;&#8221;] CRIA\u00c7\u00c3O E DESENVOLVIMENTO ESPA\u00c7OS VERDES OU PAISAG\u00cdSTICOS [\/vc_column_text][vc_empty_space height=&#8221;20px&#8221;][\/vc_column_inner][vc_column_inner width=&#8221;1\/2&#8243; css=&#8221;.vc_custom_1727215349147{padding-right: 5% !important;}&#8221;][vc_empty_space height=&#8221;55px&#8221;][vc_column_text css=&#8221;&#8221;] Ap\u00f3s a forma\u00e7\u00e3o como agr\u00f4noma, Michele...\" \/>\n<meta property=\"og:url\" content=\"http:\/\/placedesfleurs.net\/pt-br\/qui-sommes-nous\/\" \/>\n<meta property=\"og:site_name\" content=\"Place des Fleurs\" \/>\n<meta property=\"article:publisher\" content=\"https:\/\/www.facebook.com\/placedesfleurs\/?locale=fr_FR\" \/>\n<meta property=\"article:modified_time\" content=\"2024-10-15T10:38:08+00:00\" \/>\n<meta property=\"og:image\" content=\"http:\/\/placedesfleurs.net\/wp-content\/uploads\/2024\/10\/LOGO-PDF-NEW.jpg\" \/>\n\t<meta property=\"og:image:width\" content=\"602\" \/>\n\t<meta property=\"og:image:height\" content=\"579\" \/>\n\t<meta property=\"og:image:type\" content=\"image\/jpeg\" \/>\n<meta name=\"twitter:card\" content=\"summary_large_image\" \/>\n<meta name=\"twitter:label1\" content=\"Est. tempo de leitura\" \/>\n\t<meta name=\"twitter:data1\" content=\"2 minutos\" \/>\n<script type=\"application\/ld+json\" class=\"yoast-schema-graph\">{\"@context\":\"https:\/\/schema.org\",\"@graph\":[{\"@type\":\"WebPage\",\"@id\":\"http:\/\/placedesfleurs.net\/pt-br\/qui-sommes-nous\/\",\"url\":\"http:\/\/placedesfleurs.net\/pt-br\/qui-sommes-nous\/\",\"name\":\"QUEM SOMOS N\u00d3S - Place des Fleurs\",\"isPartOf\":{\"@id\":\"https:\/\/placedesfleurs.net\/pt-br\/#website\"},\"datePublished\":\"2024-03-14T10:44:58+00:00\",\"dateModified\":\"2024-10-15T10:38:08+00:00\",\"breadcrumb\":{\"@id\":\"http:\/\/placedesfleurs.net\/pt-br\/qui-sommes-nous\/#breadcrumb\"},\"inLanguage\":\"pt-BR\",\"potentialAction\":[{\"@type\":\"ReadAction\",\"target\":[\"http:\/\/placedesfleurs.net\/pt-br\/qui-sommes-nous\/\"]}]},{\"@type\":\"BreadcrumbList\",\"@id\":\"http:\/\/placedesfleurs.net\/pt-br\/qui-sommes-nous\/#breadcrumb\",\"itemListElement\":[{\"@type\":\"ListItem\",\"position\":1,\"name\":\"Accueil\",\"item\":\"http:\/\/placedesfleurs.net\/pt-br\/\"},{\"@type\":\"ListItem\",\"position\":2,\"name\":\"QUEM SOMOS N\u00d3S\"}]},{\"@type\":\"WebSite\",\"@id\":\"https:\/\/placedesfleurs.net\/pt-br\/#website\",\"url\":\"https:\/\/placedesfleurs.net\/pt-br\/\",\"name\":\"Place des Fleurs\",\"description\":\"\",\"publisher\":{\"@id\":\"https:\/\/placedesfleurs.net\/pt-br\/#organization\"},\"potentialAction\":[{\"@type\":\"SearchAction\",\"target\":{\"@type\":\"EntryPoint\",\"urlTemplate\":\"https:\/\/placedesfleurs.net\/pt-br\/?s={search_term_string}\"},\"query-input\":{\"@type\":\"PropertyValueSpecification\",\"valueRequired\":true,\"valueName\":\"search_term_string\"}}],\"inLanguage\":\"pt-BR\"},{\"@type\":\"Organization\",\"@id\":\"https:\/\/placedesfleurs.net\/pt-br\/#organization\",\"name\":\"Place des Fleurs\",\"url\":\"https:\/\/placedesfleurs.net\/pt-br\/\",\"logo\":{\"@type\":\"ImageObject\",\"inLanguage\":\"pt-BR\",\"@id\":\"https:\/\/placedesfleurs.net\/pt-br\/#\/schema\/logo\/image\/\",\"url\":\"https:\/\/placedesfleurs.net\/wp-content\/uploads\/2024\/10\/LOGO-PDF-NEW.jpg\",\"contentUrl\":\"https:\/\/placedesfleurs.net\/wp-content\/uploads\/2024\/10\/LOGO-PDF-NEW.jpg\",\"width\":602,\"height\":579,\"caption\":\"Place des Fleurs\"},\"image\":{\"@id\":\"https:\/\/placedesfleurs.net\/pt-br\/#\/schema\/logo\/image\/\"},\"sameAs\":[\"https:\/\/www.facebook.com\/placedesfleurs\/?locale=fr_FR\",\"https:\/\/www.instagram.com\/placedesfleurs\/\"]}]}<\/script>\n<!-- \/ Yoast SEO plugin. -->","yoast_head_json":{"title":"QUEM SOMOS N\u00d3S - Place des Fleurs","robots":{"index":"index","follow":"follow","max-snippet":"max-snippet:-1","max-image-preview":"max-image-preview:large","max-video-preview":"max-video-preview:-1"},"canonical":"http:\/\/placedesfleurs.net\/pt-br\/qui-sommes-nous\/","og_locale":"pt_BR","og_type":"article","og_title":"QUEM SOMOS N\u00d3S - Place des Fleurs","og_description":"[vc_row css_animation=&#8221;&#8221; row_type=&#8221;row&#8221; use_row_as_full_screen_section=&#8221;no&#8221; type=&#8221;grid&#8221; angled_section=&#8221;no&#8221; text_align=&#8221;left&#8221; background_image_as_pattern=&#8221;without_pattern&#8221; css=&#8221;.vc_custom_1727214719890{background-color: #FFFFFF !important;}&#8221; z_index=&#8221;&#8221;][vc_column][vc_empty_space][vc_row_inner row_type=&#8221;row&#8221; type=&#8221;full_width&#8221; text_align=&#8221;left&#8221; css_animation=&#8221;&#8221;][vc_column_inner width=&#8221;1\/2&#8243;][vc_empty_space height=&#8221;15px&#8221;][vc_single_image image=&#8221;551&#8243; img_size=&#8221;medium&#8221; alignment=&#8221;center&#8221; css=&#8221;&#8221; qode_css_animation=&#8221;&#8221;][vc_column_text css=&#8221;&#8221;] CRIA\u00c7\u00c3O E DESENVOLVIMENTO ESPA\u00c7OS VERDES OU PAISAG\u00cdSTICOS [\/vc_column_text][vc_empty_space height=&#8221;20px&#8221;][\/vc_column_inner][vc_column_inner width=&#8221;1\/2&#8243; css=&#8221;.vc_custom_1727215349147{padding-right: 5% !important;}&#8221;][vc_empty_space height=&#8221;55px&#8221;][vc_column_text css=&#8221;&#8221;] Ap\u00f3s a forma\u00e7\u00e3o como agr\u00f4noma, Michele...","og_url":"http:\/\/placedesfleurs.net\/pt-br\/qui-sommes-nous\/","og_site_name":"Place des Fleurs","article_publisher":"https:\/\/www.facebook.com\/placedesfleurs\/?locale=fr_FR","article_modified_time":"2024-10-15T10:38:08+00:00","og_image":[{"width":602,"height":579,"url":"http:\/\/placedesfleurs.net\/wp-content\/uploads\/2024\/10\/LOGO-PDF-NEW.jpg","type":"image\/jpeg"}],"twitter_card":"summary_large_image","twitter_misc":{"Est. tempo de leitura":"2 minutos"},"schema":{"@context":"https:\/\/schema.org","@graph":[{"@type":"WebPage","@id":"http:\/\/placedesfleurs.net\/pt-br\/qui-sommes-nous\/","url":"http:\/\/placedesfleurs.net\/pt-br\/qui-sommes-nous\/","name":"QUEM SOMOS N\u00d3S - Place des Fleurs","isPartOf":{"@id":"https:\/\/placedesfleurs.net\/pt-br\/#website"},"datePublished":"2024-03-14T10:44:58+00:00","dateModified":"2024-10-15T10:38:08+00:00","breadcrumb":{"@id":"http:\/\/placedesfleurs.net\/pt-br\/qui-sommes-nous\/#breadcrumb"},"inLanguage":"pt-BR","potentialAction":[{"@type":"ReadAction","target":["http:\/\/placedesfleurs.net\/pt-br\/qui-sommes-nous\/"]}]},{"@type":"BreadcrumbList","@id":"http:\/\/placedesfleurs.net\/pt-br\/qui-sommes-nous\/#breadcrumb","itemListElement":[{"@type":"ListItem","position":1,"name":"Accueil","item":"http:\/\/placedesfleurs.net\/pt-br\/"},{"@type":"ListItem","position":2,"name":"QUEM SOMOS N\u00d3S"}]},{"@type":"WebSite","@id":"https:\/\/placedesfleurs.net\/pt-br\/#website","url":"https:\/\/placedesfleurs.net\/pt-br\/","name":"Place des Fleurs","description":"","publisher":{"@id":"https:\/\/placedesfleurs.net\/pt-br\/#organization"},"potentialAction":[{"@type":"SearchAction","target":{"@type":"EntryPoint","urlTemplate":"https:\/\/placedesfleurs.net\/pt-br\/?s={search_term_string}"},"query-input":{"@type":"PropertyValueSpecification","valueRequired":true,"valueName":"search_term_string"}}],"inLanguage":"pt-BR"},{"@type":"Organization","@id":"https:\/\/placedesfleurs.net\/pt-br\/#organization","name":"Place des Fleurs","url":"https:\/\/placedesfleurs.net\/pt-br\/","logo":{"@type":"ImageObject","inLanguage":"pt-BR","@id":"https:\/\/placedesfleurs.net\/pt-br\/#\/schema\/logo\/image\/","url":"https:\/\/placedesfleurs.net\/wp-content\/uploads\/2024\/10\/LOGO-PDF-NEW.jpg","contentUrl":"https:\/\/placedesfleurs.net\/wp-content\/uploads\/2024\/10\/LOGO-PDF-NEW.jpg","width":602,"height":579,"caption":"Place des Fleurs"},"image":{"@id":"https:\/\/placedesfleurs.net\/pt-br\/#\/schema\/logo\/image\/"},"sameAs":["https:\/\/www.facebook.com\/placedesfleurs\/?locale=fr_FR","https:\/\/www.instagram.com\/placedesfleurs\/"]}]}},"_links":{"self":[{"href":"http:\/\/placedesfleurs.net\/pt-br\/wp-json\/wp\/v2\/pages\/978","targetHints":{"allow":["GET"]}}],"collection":[{"href":"http:\/\/placedesfleurs.net\/pt-br\/wp-json\/wp\/v2\/pages"}],"about":[{"href":"http:\/\/placedesfleurs.net\/pt-br\/wp-json\/wp\/v2\/types\/page"}],"author":[{"embeddable":true,"href":"http:\/\/placedesfleurs.net\/pt-br\/wp-json\/wp\/v2\/users\/1"}],"replies":[{"embeddable":true,"href":"http:\/\/placedesfleurs.net\/pt-br\/wp-json\/wp\/v2\/comments?post=978"}],"version-history":[{"count":1,"href":"http:\/\/placedesfleurs.net\/pt-br\/wp-json\/wp\/v2\/pages\/978\/revisions"}],"predecessor-version":[{"id":1059,"href":"http:\/\/placedesfleurs.net\/pt-br\/wp-json\/wp\/v2\/pages\/978\/revisions\/1059"}],"wp:attachment":[{"href":"http:\/\/placedesfleurs.net\/pt-br\/wp-json\/wp\/v2\/media?parent=978"}],"curies":[{"name":"wp","href":"https:\/\/api.w.org\/{rel}","templated":true}]}}