{"id":971,"date":"2024-03-14T11:44:41","date_gmt":"2024-03-14T10:44:41","guid":{"rendered":"https:\/\/placedesfleurs.net\/contact\/"},"modified":"2025-10-31T20:03:19","modified_gmt":"2025-10-31T19:03:19","slug":"contact","status":"publish","type":"page","link":"http:\/\/placedesfleurs.net\/pt-br\/contact\/","title":{"rendered":"CONTATO"},"content":{"rendered":"<div class=\"wpb-content-wrapper\"><p>[vc_row css_animation=&#8221;&#8221; row_type=&#8221;row&#8221; use_row_as_full_screen_section=&#8221;no&#8221; type=&#8221;full_width&#8221; angled_section=&#8221;no&#8221; text_align=&#8221;left&#8221; background_image_as_pattern=&#8221;without_pattern&#8221; z_index=&#8221;&#8221; background_color=&#8221;#ffffff&#8221; css=&#8221;.vc_custom_1710447265579{padding-top: 5% !important;padding-bottom: 5% !important;}&#8221;][vc_column width=&#8221;1\/2&#8243;][vc_single_image image=&#8221;551&#8243; img_size=&#8221;medium&#8221; alignment=&#8221;center&#8221; css=&#8221;&#8221; qode_css_animation=&#8221;&#8221;][\/vc_column][vc_column width=&#8221;1\/2&#8243;][vc_column_text css=&#8221;&#8221;]<strong> <\/strong><\/p>\n<p><strong>Michele Michelizzi<\/strong><\/p>\n<p><i class=\"fa fa-envelope-o fa-2x\"><\/i> 34, Rue de Bellefond 75009 &#8211; Paris &#8211; France<\/p>\n<p><i class=\"fa fa-phone fa-2x\"><\/i>  <a href=\"tel:+330662996871\">0662996871<\/a><\/p>\n<p><a href=\"mailto:c&#111;&#110;t&#97;&#99;&#116;&#64;p&#108;ac&#101;&#100;es&#102;l&#101;urs&#46;&#110;et\">c&#111;&#110;t&#97;&#99;&#116;&#64;p&#108;ac&#101;&#100;es&#102;l&#101;urs&#46;&#110;et<\/a>[\/vc_column_text][vc_column_text]<\/p>\n<hr>\n<p>RCS Nanterre 532 362 803[\/vc_column_text][vc_empty_space][vc_column_text css=&#8221;&#8221;]<a href=\"https:\/\/www.instagram.com\/placedesfleurs\/\" target=\"_blank\" rel=\"noopener\">INSTAGRAM<\/a> | <a href=\"https:\/\/www.houzz.fr\/professionnels\/paysagiste-et-architecte-paysagiste\/place-des-fleurs-paysagisme-et-jardinage-pfvwfr-pf~941543983?\" target=\"_blank\" rel=\"noopener\">HOUZZ<\/a> | <a href=\"https:\/\/www.facebook.com\/placedesfleurs\/?locale=fr_FR\" target=\"_blank\" rel=\"noopener\">FACEBOOK<\/a>[\/vc_column_text][\/vc_column][\/vc_row]<\/p>\n<\/div>","protected":false},"excerpt":{"rendered":"<p>[vc_row css_animation=&#8221;&#8221; row_type=&#8221;row&#8221; use_row_as_full_screen_section=&#8221;no&#8221; type=&#8221;full_width&#8221; angled_section=&#8221;no&#8221; text_align=&#8221;left&#8221; background_image_as_pattern=&#8221;without_pattern&#8221; z_index=&#8221;&#8221; background_color=&#8221;#ffffff&#8221; css=&#8221;.vc_custom_1710447265579{padding-top: 5% !important;padding-bottom: 5% !important;}&#8221;][vc_column width=&#8221;1\/2&#8243;][vc_single_image image=&#8221;551&#8243; img_size=&#8221;medium&#8221; alignment=&#8221;center&#8221; css=&#8221;&#8221; qode_css_animation=&#8221;&#8221;][\/vc_column][vc_column width=&#8221;1\/2&#8243;][vc_column_text css=&#8221;&#8221;] Michele Michelizzi 34, Rue de Bellefond 75009 &#8211; Paris &#8211; France [\/vc_column_text][vc_column_text] RCS Nanterre 532 362 803[\/vc_column_text][vc_empty_space][vc_column_text css=&#8221;&#8221;]INSTAGRAM | HOUZZ | FACEBOOK[\/vc_column_text][\/vc_column][\/vc_row]<\/p>\n","protected":false},"author":1,"featured_media":0,"parent":0,"menu_order":9,"comment_status":"closed","ping_status":"closed","template":"","meta":{"footnotes":""},"class_list":["post-971","page","type-page","status-publish","hentry"],"yoast_head":"<!-- This site is optimized with the Yoast SEO plugin v27.2 - https:\/\/yoast.com\/product\/yoast-seo-wordpress\/ -->\n<title>CONTATO - Place des Fleurs<\/title>\n<meta name=\"description\" content=\"P\u00e1gina de contato da Place des Fleurs, uma empresa especializada na cria\u00e7\u00e3o e desenvolvimento de \u00e1reas verdes e paisag\u00edsticas\" \/>\n<meta name=\"robots\" content=\"index, follow, max-snippet:-1, max-image-preview:large, max-video-preview:-1\" \/>\n<link rel=\"canonical\" href=\"http:\/\/placedesfleurs.net\/pt-br\/contact\/\" \/>\n<meta property=\"og:locale\" content=\"pt_BR\" \/>\n<meta property=\"og:type\" content=\"article\" \/>\n<meta property=\"og:title\" content=\"CONTATO - Place des Fleurs\" \/>\n<meta property=\"og:description\" content=\"P\u00e1gina de contato da Place des Fleurs, uma empresa especializada na cria\u00e7\u00e3o e desenvolvimento de \u00e1reas verdes e paisag\u00edsticas\" \/>\n<meta property=\"og:url\" content=\"http:\/\/placedesfleurs.net\/pt-br\/contact\/\" \/>\n<meta property=\"og:site_name\" content=\"Place des Fleurs\" \/>\n<meta property=\"article:publisher\" content=\"https:\/\/www.facebook.com\/placedesfleurs\/?locale=fr_FR\" \/>\n<meta property=\"article:modified_time\" content=\"2025-10-31T19:03:19+00:00\" \/>\n<meta property=\"og:image\" content=\"http:\/\/placedesfleurs.net\/wp-content\/uploads\/2024\/10\/LOGO-PDF-NEW.jpg\" \/>\n\t<meta property=\"og:image:width\" content=\"602\" \/>\n\t<meta property=\"og:image:height\" content=\"579\" \/>\n\t<meta property=\"og:image:type\" content=\"image\/jpeg\" \/>\n<meta name=\"twitter:card\" content=\"summary_large_image\" \/>\n<meta name=\"twitter:label1\" content=\"Est. tempo de leitura\" \/>\n\t<meta name=\"twitter:data1\" content=\"1 minuto\" \/>\n<script type=\"application\/ld+json\" class=\"yoast-schema-graph\">{\"@context\":\"https:\/\/schema.org\",\"@graph\":[{\"@type\":\"WebPage\",\"@id\":\"http:\/\/placedesfleurs.net\/pt-br\/contact\/\",\"url\":\"http:\/\/placedesfleurs.net\/pt-br\/contact\/\",\"name\":\"CONTATO - Place des Fleurs\",\"isPartOf\":{\"@id\":\"https:\/\/placedesfleurs.net\/pt-br\/#website\"},\"datePublished\":\"2024-03-14T10:44:41+00:00\",\"dateModified\":\"2025-10-31T19:03:19+00:00\",\"description\":\"P\u00e1gina de contato da Place des Fleurs, uma empresa especializada na cria\u00e7\u00e3o e desenvolvimento de \u00e1reas verdes e paisag\u00edsticas\",\"breadcrumb\":{\"@id\":\"http:\/\/placedesfleurs.net\/pt-br\/contact\/#breadcrumb\"},\"inLanguage\":\"pt-BR\",\"potentialAction\":[{\"@type\":\"ReadAction\",\"target\":[\"http:\/\/placedesfleurs.net\/pt-br\/contact\/\"]}]},{\"@type\":\"BreadcrumbList\",\"@id\":\"http:\/\/placedesfleurs.net\/pt-br\/contact\/#breadcrumb\",\"itemListElement\":[{\"@type\":\"ListItem\",\"position\":1,\"name\":\"Accueil\",\"item\":\"http:\/\/placedesfleurs.net\/pt-br\/\"},{\"@type\":\"ListItem\",\"position\":2,\"name\":\"CONTATO\"}]},{\"@type\":\"WebSite\",\"@id\":\"https:\/\/placedesfleurs.net\/pt-br\/#website\",\"url\":\"https:\/\/placedesfleurs.net\/pt-br\/\",\"name\":\"Place des Fleurs\",\"description\":\"\",\"publisher\":{\"@id\":\"https:\/\/placedesfleurs.net\/pt-br\/#organization\"},\"potentialAction\":[{\"@type\":\"SearchAction\",\"target\":{\"@type\":\"EntryPoint\",\"urlTemplate\":\"https:\/\/placedesfleurs.net\/pt-br\/?s={search_term_string}\"},\"query-input\":{\"@type\":\"PropertyValueSpecification\",\"valueRequired\":true,\"valueName\":\"search_term_string\"}}],\"inLanguage\":\"pt-BR\"},{\"@type\":\"Organization\",\"@id\":\"https:\/\/placedesfleurs.net\/pt-br\/#organization\",\"name\":\"Place des Fleurs\",\"url\":\"https:\/\/placedesfleurs.net\/pt-br\/\",\"logo\":{\"@type\":\"ImageObject\",\"inLanguage\":\"pt-BR\",\"@id\":\"https:\/\/placedesfleurs.net\/pt-br\/#\/schema\/logo\/image\/\",\"url\":\"https:\/\/placedesfleurs.net\/wp-content\/uploads\/2024\/10\/LOGO-PDF-NEW.jpg\",\"contentUrl\":\"https:\/\/placedesfleurs.net\/wp-content\/uploads\/2024\/10\/LOGO-PDF-NEW.jpg\",\"width\":602,\"height\":579,\"caption\":\"Place des Fleurs\"},\"image\":{\"@id\":\"https:\/\/placedesfleurs.net\/pt-br\/#\/schema\/logo\/image\/\"},\"sameAs\":[\"https:\/\/www.facebook.com\/placedesfleurs\/?locale=fr_FR\",\"https:\/\/www.instagram.com\/placedesfleurs\/\"]}]}<\/script>\n<!-- \/ Yoast SEO plugin. -->","yoast_head_json":{"title":"CONTATO - Place des Fleurs","description":"P\u00e1gina de contato da Place des Fleurs, uma empresa especializada na cria\u00e7\u00e3o e desenvolvimento de \u00e1reas verdes e paisag\u00edsticas","robots":{"index":"index","follow":"follow","max-snippet":"max-snippet:-1","max-image-preview":"max-image-preview:large","max-video-preview":"max-video-preview:-1"},"canonical":"http:\/\/placedesfleurs.net\/pt-br\/contact\/","og_locale":"pt_BR","og_type":"article","og_title":"CONTATO - Place des Fleurs","og_description":"P\u00e1gina de contato da Place des Fleurs, uma empresa especializada na cria\u00e7\u00e3o e desenvolvimento de \u00e1reas verdes e paisag\u00edsticas","og_url":"http:\/\/placedesfleurs.net\/pt-br\/contact\/","og_site_name":"Place des Fleurs","article_publisher":"https:\/\/www.facebook.com\/placedesfleurs\/?locale=fr_FR","article_modified_time":"2025-10-31T19:03:19+00:00","og_image":[{"width":602,"height":579,"url":"http:\/\/placedesfleurs.net\/wp-content\/uploads\/2024\/10\/LOGO-PDF-NEW.jpg","type":"image\/jpeg"}],"twitter_card":"summary_large_image","twitter_misc":{"Est. tempo de leitura":"1 minuto"},"schema":{"@context":"https:\/\/schema.org","@graph":[{"@type":"WebPage","@id":"http:\/\/placedesfleurs.net\/pt-br\/contact\/","url":"http:\/\/placedesfleurs.net\/pt-br\/contact\/","name":"CONTATO - Place des Fleurs","isPartOf":{"@id":"https:\/\/placedesfleurs.net\/pt-br\/#website"},"datePublished":"2024-03-14T10:44:41+00:00","dateModified":"2025-10-31T19:03:19+00:00","description":"P\u00e1gina de contato da Place des Fleurs, uma empresa especializada na cria\u00e7\u00e3o e desenvolvimento de \u00e1reas verdes e paisag\u00edsticas","breadcrumb":{"@id":"http:\/\/placedesfleurs.net\/pt-br\/contact\/#breadcrumb"},"inLanguage":"pt-BR","potentialAction":[{"@type":"ReadAction","target":["http:\/\/placedesfleurs.net\/pt-br\/contact\/"]}]},{"@type":"BreadcrumbList","@id":"http:\/\/placedesfleurs.net\/pt-br\/contact\/#breadcrumb","itemListElement":[{"@type":"ListItem","position":1,"name":"Accueil","item":"http:\/\/placedesfleurs.net\/pt-br\/"},{"@type":"ListItem","position":2,"name":"CONTATO"}]},{"@type":"WebSite","@id":"https:\/\/placedesfleurs.net\/pt-br\/#website","url":"https:\/\/placedesfleurs.net\/pt-br\/","name":"Place des Fleurs","description":"","publisher":{"@id":"https:\/\/placedesfleurs.net\/pt-br\/#organization"},"potentialAction":[{"@type":"SearchAction","target":{"@type":"EntryPoint","urlTemplate":"https:\/\/placedesfleurs.net\/pt-br\/?s={search_term_string}"},"query-input":{"@type":"PropertyValueSpecification","valueRequired":true,"valueName":"search_term_string"}}],"inLanguage":"pt-BR"},{"@type":"Organization","@id":"https:\/\/placedesfleurs.net\/pt-br\/#organization","name":"Place des Fleurs","url":"https:\/\/placedesfleurs.net\/pt-br\/","logo":{"@type":"ImageObject","inLanguage":"pt-BR","@id":"https:\/\/placedesfleurs.net\/pt-br\/#\/schema\/logo\/image\/","url":"https:\/\/placedesfleurs.net\/wp-content\/uploads\/2024\/10\/LOGO-PDF-NEW.jpg","contentUrl":"https:\/\/placedesfleurs.net\/wp-content\/uploads\/2024\/10\/LOGO-PDF-NEW.jpg","width":602,"height":579,"caption":"Place des Fleurs"},"image":{"@id":"https:\/\/placedesfleurs.net\/pt-br\/#\/schema\/logo\/image\/"},"sameAs":["https:\/\/www.facebook.com\/placedesfleurs\/?locale=fr_FR","https:\/\/www.instagram.com\/placedesfleurs\/"]}]}},"_links":{"self":[{"href":"http:\/\/placedesfleurs.net\/pt-br\/wp-json\/wp\/v2\/pages\/971","targetHints":{"allow":["GET"]}}],"collection":[{"href":"http:\/\/placedesfleurs.net\/pt-br\/wp-json\/wp\/v2\/pages"}],"about":[{"href":"http:\/\/placedesfleurs.net\/pt-br\/wp-json\/wp\/v2\/types\/page"}],"author":[{"embeddable":true,"href":"http:\/\/placedesfleurs.net\/pt-br\/wp-json\/wp\/v2\/users\/1"}],"replies":[{"embeddable":true,"href":"http:\/\/placedesfleurs.net\/pt-br\/wp-json\/wp\/v2\/comments?post=971"}],"version-history":[{"count":7,"href":"http:\/\/placedesfleurs.net\/pt-br\/wp-json\/wp\/v2\/pages\/971\/revisions"}],"predecessor-version":[{"id":1117,"href":"http:\/\/placedesfleurs.net\/pt-br\/wp-json\/wp\/v2\/pages\/971\/revisions\/1117"}],"wp:attachment":[{"href":"http:\/\/placedesfleurs.net\/pt-br\/wp-json\/wp\/v2\/media?parent=971"}],"curies":[{"name":"wp","href":"https:\/\/api.w.org\/{rel}","templated":true}]}}